{"id":214,"date":"2023-10-13T15:49:03","date_gmt":"2023-10-13T13:49:03","guid":{"rendered":"https:\/\/polskie-mieso.pl\/zdrowa-porcja-wiedzy\/?page_id=214"},"modified":"2023-10-26T12:26:19","modified_gmt":"2023-10-26T10:26:19","slug":"czy-na-pewno-wiesz-jak-wyglada-zycie-kurczaka-na-farmie","status":"publish","type":"page","link":"https:\/\/polskie-mieso.pl\/zdrowa-porcja-wiedzy\/warto-wiedziec\/dobrostan-zwierzat\/czy-na-pewno-wiesz-jak-wyglada-zycie-kurczaka-na-farmie\/","title":{"rendered":"Czy na pewno wiesz, jak wygl\u0105da \u017cycie kurczaka na farmie?"},"content":{"rendered":"<p>&nbsp;<\/p>\n<p>B\u0142\u0119dne przekonania na temat hodowli drobiu, kt\u00f3re cz\u0119sto kr\u0105\u017c\u0105 w \u015bwiadomo\u015bci spo\u0142ecznej, mog\u0105 wprowadza\u0107 dezinformacj\u0119. Wbrew powszechnej, krzywdz\u0105cej dla bran\u017cy opinii, w hodowli drobiu obowi\u0105zuj\u0105 rygorystyczne standardy zar\u00f3wno w Polsce, jak i w ca\u0142ej Unii Europejskiej. Utrzymanie ptak\u00f3w w zdrowiu i komforcie jest priorytetem, a nie luksusem.<\/p>\n<p>Dobre warunki hodowli to nie tylko kwestia humanitarna, ale tak\u017ce gwarancja wysokiej jako\u015bci produkt\u00f3w. Je\u015bli kurcz\u0119ta s\u0105 zestresowane lub odczuwaj\u0105 b\u00f3l, nie b\u0119d\u0105 ros\u0142y zdrowe. A to nie mo\u017ce by\u0107 dobr\u0105 wiadomo\u015bci\u0105 dla hodowc\u00f3w.<\/p>\n<p>Ka\u017cdy, kto zak\u0142ada w\u0142asn\u0105 hodowl\u0119, zaczyna od rejestracji u lokalnego lekarza weterynarii. Od tego czasu gospodarstwo znajduje si\u0119 pod sta\u0142ym nadzorem urz\u0119dowej s\u0142u\u017cby weterynaryjnej. Ka\u017cde gospodarstwo ma swojego prywatnego lekarza weterynarii.<\/p>\n<p>W wyspecjalizowanych fermach ptaki maj\u0105 zapewniony sta\u0142y dost\u0119p do paszy i wody, otrzymuj\u0105 zbilansowan\u0105 i naturaln\u0105 diet\u0119. \u017byj\u0105 w zadaszonych obiektach, gdzie s\u0105 chronione przed drapie\u017cnikami i szkodnikami. W przypadku choroby otrzymuj\u0105 natychmiastow\u0105 pomoc weterynaryjn\u0105.<\/p>\n<p>Warto doda\u0107, \u017ce w gospodarstwie na bie\u017c\u0105co kontroluje si\u0119 ryzyko wyst\u0105pienia chor\u00f3b zaka\u017anych, a mi\u0119so przed wysy\u0142k\u0105 do sklepu jest badane i ca\u0142kowicie bezpieczne. Wszystkie fermy musz\u0105 przestrzega\u0107 rygorystycznych zasad bioasekuracji. Obejmuje to regularn\u0105 dezynfekcj\u0119, utrzymywanie odpowiedniej wilgotno\u015bci i temperatury oraz zapewnienie jako\u015bci paszy i wody. Bia\u0142ko w diecie drobiu to nie tylko kwestia zdrowia, ale tak\u017ce ekonomii. Pasza zawieraj\u0105ca odpowiedni\u0105 ilo\u015b\u0107 bia\u0142ka i niezb\u0119dnych aminokwas\u00f3w zapewnia prawid\u0142owy rozw\u00f3j ptak\u00f3w, a w efekcie poprawia jako\u015b\u0107 mi\u0119sa i jaj.<\/p>\n<p>Obecnie jednym z warunk\u00f3w otrzymania dop\u0142at bezpo\u015brednich przez rolnik\u00f3w (w tym zajmuj\u0105cych si\u0119 hodowl\u0105 lub hodowl\u0105 zwierz\u0105t gospodarskich) jest dba\u0142o\u015b\u0107 o ochron\u0119 \u015brodowiska, higien\u0119 produkcji oraz przestrzeganie wymaga\u0144 dotycz\u0105cych warunk\u00f3w hodowli zwierz\u0105t.<\/p>\n<p>Producenci dbaj\u0105 o to, aby warunki \u017cycia ptak\u00f3w odpowiada\u0142y ich naturalnym potrzebom, co przek\u0142ada si\u0119 na osi\u0105gane wyniki produkcyjne i zyski produkcyjne.<\/p>\n","protected":false},"excerpt":{"rendered":"<p>&nbsp; B\u0142\u0119dne przekonania na temat hodowli drobiu, kt\u00f3re cz\u0119sto kr\u0105\u017c\u0105 w \u015bwiadomo\u015bci spo\u0142ecznej, mog\u0105 wprowadza\u0107 dezinformacj\u0119. Wbrew powszechnej, krzywdz\u0105cej dla bran\u017cy opinii, w hodowli drobiu obowi\u0105zuj\u0105 rygorystyczne standardy zar\u00f3wno w Polsce, jak i w ca\u0142ej Unii Europejskiej. Utrzymanie ptak\u00f3w w zdrowiu i komforcie jest priorytetem, a nie luksusem. Dobre warunki [&hellip;]<\/p>\n","protected":false},"author":1,"featured_media":210,"parent":54,"menu_order":0,"comment_status":"closed","ping_status":"closed","template":"wpis.php","meta":{"footnotes":""},"class_list":["post-214","page","type-page","status-publish","has-post-thumbnail","hentry"],"acf":[],"_links":{"self":[{"href":"https:\/\/polskie-mieso.pl\/zdrowa-porcja-wiedzy\/wp-json\/wp\/v2\/pages\/214","targetHints":{"allow":["GET"]}}],"collection":[{"href":"https:\/\/polskie-mieso.pl\/zdrowa-porcja-wiedzy\/wp-json\/wp\/v2\/pages"}],"about":[{"href":"https:\/\/polskie-mieso.pl\/zdrowa-porcja-wiedzy\/wp-json\/wp\/v2\/types\/page"}],"author":[{"embeddable":true,"href":"https:\/\/polskie-mieso.pl\/zdrowa-porcja-wiedzy\/wp-json\/wp\/v2\/users\/1"}],"replies":[{"embeddable":true,"href":"https:\/\/polskie-mieso.pl\/zdrowa-porcja-wiedzy\/wp-json\/wp\/v2\/comments?post=214"}],"version-history":[{"count":6,"href":"https:\/\/polskie-mieso.pl\/zdrowa-porcja-wiedzy\/wp-json\/wp\/v2\/pages\/214\/revisions"}],"predecessor-version":[{"id":224,"href":"https:\/\/polskie-mieso.pl\/zdrowa-porcja-wiedzy\/wp-json\/wp\/v2\/pages\/214\/revisions\/224"}],"up":[{"embeddable":true,"href":"https:\/\/polskie-mieso.pl\/zdrowa-porcja-wiedzy\/wp-json\/wp\/v2\/pages\/54"}],"wp:featuredmedia":[{"embeddable":true,"href":"https:\/\/polskie-mieso.pl\/zdrowa-porcja-wiedzy\/wp-json\/wp\/v2\/media\/210"}],"wp:attachment":[{"href":"https:\/\/polskie-mieso.pl\/zdrowa-porcja-wiedzy\/wp-json\/wp\/v2\/media?parent=214"}],"curies":[{"name":"wp","href":"https:\/\/api.w.org\/{rel}","templated":true}]}}