{"id":111,"date":"2023-08-03T07:39:28","date_gmt":"2023-08-03T05:39:28","guid":{"rendered":"http:\/\/localhost\/W-REALIZACJI\/MATEO\/MIESO\/POLSKIE-MIESO-2023\/STRONA\/?page_id=111"},"modified":"2023-08-10T08:09:37","modified_gmt":"2023-08-10T06:09:37","slug":"mity-o-wieprzowinie","status":"publish","type":"page","link":"https:\/\/polskie-mieso.pl\/zdrowa-porcja-wiedzy\/warto-wiedziec\/fakty-i-mity\/mity-o-wieprzowinie\/","title":{"rendered":"Mity o wieprzowinie"},"content":{"rendered":"<p>Wieprzowina jest najch\u0119tniej wybieranym przez Polak\u00f3w rodzajem mi\u0119sa. Nadal jednak kr\u0105\u017cy na jej temat mn\u00f3stwo sprzecznych i cz\u0119sto nieprawdziwych informacji.\u00a0Tutaj znajdziesz wy\u0142\u0105cznie rzetelne, oparte na naukowych badaniach informacje, kt\u00f3re pozwol\u0105 Ci zrozumie\u0107, jak wieprzowina wp\u0142ywa na nasze zdrowie i jak j\u0105 odpowiednio wprowadzi\u0107 do diety. Warto podejmowa\u0107 \u015bwiadome decyzje dotycz\u0105ce swojego zdrowia i \u017cywienia, opieraj\u0105c si\u0119 na faktach, a nie na mitach i niepotwierdzonych informacjach.<\/p>\n<p>Czerwone mi\u0119so jest bardzo szkodliwe &#8211; MIT.<br \/>\nRzeczywisto\u015b\u0107: Spo\u017cywanie mi\u0119sa wieprzowego w odpowiednich ilo\u015bciach &#8211; jako element dobrze zbilansowanego menu &#8211; mo\u017ce korzystnie wp\u0142ywa\u0107 na nasze zdrowie.<\/p>\n<p>Wieprzowina jest t\u0142usta \u2013 MIT.<br \/>\nRzeczywisto\u015b\u0107: Cz\u0119sto m\u00f3wi si\u0119, \u017ce wieprzowina jest t\u0142usta, jednak t\u0142uszcz wyst\u0119puje tylko w niekt\u00f3rych jej cz\u0119\u015bciach, takich jak boczek czy kark\u00f3wka. Natomiast inne kawa\u0142ki, takie jak schab czy szynka, s\u0105 stosunkowo chude. A co wa\u017cne, t\u0142uszcz zwierz\u0119cy zawiera r\u00f3wnie\u017c zdrowe nienasycone kwasy t\u0142uszczowe.<\/p>\n<p>Wieprzowina jest niezdrowa &#8211; MIT.<br \/>\nRzeczywisto\u015b\u0107: Mi\u0119so wieprzowe jest bogate w bia\u0142ko, kt\u00f3re jest niezb\u0119dne dla naszego cia\u0142a do budowy i naprawy tkanek. Jest tak\u017ce \u017ar\u00f3d\u0142em wielu potrzebnych sk\u0142adnik\u00f3w od\u017cywczych, takich jak \u017celazo, cynk i witaminy z grupy B.<\/p>\n<p>Wieprzowina jest trudna do przyrz\u0105dzenia \u2013 MIT.<br \/>\nRzeczywisto\u015b\u0107: Mi\u0119so wieprzowe jest tak samo \u0142atwe do przyrz\u0105dzenia jak inne rodzaje mi\u0119sa. Istotne jest jedynie przestrzeganie zasad bezpiecze\u0144stwa \u017cywno\u015bci, takich jak odpowiednie przechowywanie i obr\u00f3bka cieplna mi\u0119sa.<\/p>\n<p>Wieprzowina zawiera hormony \u2013 MIT.<br \/>\nRzeczywisto\u015b\u0107: W Polsce, podobnie jak w wi\u0119kszo\u015bci kraj\u00f3w UE, stosowanie hormon\u00f3w wzrostu u zwierz\u0105t jest surowo zabronione. Wszystkie produkty mi\u0119sne, w tym wieprzowina, s\u0105 regularnie kontrolowane pod k\u0105tem obecno\u015bci zakazanych substancji.<\/p>\n<p>Wieprzowina jest \u017ar\u00f3d\u0142em chor\u00f3b \u2013 MIT.<br \/>\nRzeczywisto\u015b\u0107: Tak jak ka\u017cda \u017cywno\u015b\u0107, wieprzowina mo\u017ce by\u0107 potencjalnym \u017ar\u00f3d\u0142em chor\u00f3b, je\u017celi nie jest odpowiednio przechowywana i przygotowywana. Jednak, gdy przestrzega si\u0119 zasad bezpiecze\u0144stwa \u017cywno\u015bci, ryzyko to jest minimalne.<\/p>\n<p>Wieprzowina jest niezdrowa dla dzieci \u2013 MIT.<br \/>\nRzeczywisto\u015b\u0107: Wieprzowina, tak jak ka\u017cde inne mi\u0119so, mo\u017ce by\u0107 zdrowym i warto\u015bciowym elementem diety dziecka, o ile jest spo\u017cywana w odpowiednich ilo\u015bciach i przyrz\u0105dzana w odpowiedni spos\u00f3b. Jest znakomitym \u017ar\u00f3d\u0142em bia\u0142ka, kt\u00f3re jest niezb\u0119dne dla wzrostu i rozwoju dzieci. Bia\u0142ko jest niezb\u0119dne do budowy mi\u0119\u015bni, ko\u015bci i innych tkanek w organizmie. Mi\u0119so wieprzowe to tak\u017ce \u017ar\u00f3d\u0142o witamin i minera\u0142\u00f3w: jest bogate w witaminy z grupy B, zw\u0142aszcza B1, B6 i B12, kt\u00f3re s\u0105 niezb\u0119dne dla zdrowego rozwoju uk\u0142adu nerwowego. Zawiera r\u00f3wnie\u017c wiele wa\u017cnych minera\u0142\u00f3w, takich jak \u017celazo, kt\u00f3re jest kluczowe dla produkcji czerwonych krwinek oraz cynk, kt\u00f3ry wspiera uk\u0142ad immunologiczny. Stanowi tak\u017ce \u017ar\u00f3d\u0142o zdrowych t\u0142uszcz\u00f3w, kt\u00f3re s\u0105 niezb\u0119dne dla rozwoju m\u00f3zgu dzieci, a tak\u017ce jako \u017ar\u00f3d\u0142o energii.<\/p>\n","protected":false},"excerpt":{"rendered":"<p>Wieprzowina jest najch\u0119tniej wybieranym przez Polak\u00f3w rodzajem mi\u0119sa. Nadal jednak kr\u0105\u017cy na jej temat mn\u00f3stwo sprzecznych i cz\u0119sto nieprawdziwych informacji.\u00a0Tutaj znajdziesz wy\u0142\u0105cznie rzetelne, oparte na naukowych badaniach informacje, kt\u00f3re pozwol\u0105 Ci zrozumie\u0107, jak wieprzowina wp\u0142ywa na nasze zdrowie i jak j\u0105 odpowiednio wprowadzi\u0107 do diety. Warto podejmowa\u0107 \u015bwiadome decyzje dotycz\u0105ce [&hellip;]<\/p>\n","protected":false},"author":1,"featured_media":0,"parent":50,"menu_order":0,"comment_status":"closed","ping_status":"closed","template":"wpis.php","meta":{"footnotes":""},"class_list":["post-111","page","type-page","status-publish","hentry"],"acf":[],"_links":{"self":[{"href":"https:\/\/polskie-mieso.pl\/zdrowa-porcja-wiedzy\/wp-json\/wp\/v2\/pages\/111","targetHints":{"allow":["GET"]}}],"collection":[{"href":"https:\/\/polskie-mieso.pl\/zdrowa-porcja-wiedzy\/wp-json\/wp\/v2\/pages"}],"about":[{"href":"https:\/\/polskie-mieso.pl\/zdrowa-porcja-wiedzy\/wp-json\/wp\/v2\/types\/page"}],"author":[{"embeddable":true,"href":"https:\/\/polskie-mieso.pl\/zdrowa-porcja-wiedzy\/wp-json\/wp\/v2\/users\/1"}],"replies":[{"embeddable":true,"href":"https:\/\/polskie-mieso.pl\/zdrowa-porcja-wiedzy\/wp-json\/wp\/v2\/comments?post=111"}],"version-history":[{"count":2,"href":"https:\/\/polskie-mieso.pl\/zdrowa-porcja-wiedzy\/wp-json\/wp\/v2\/pages\/111\/revisions"}],"predecessor-version":[{"id":115,"href":"https:\/\/polskie-mieso.pl\/zdrowa-porcja-wiedzy\/wp-json\/wp\/v2\/pages\/111\/revisions\/115"}],"up":[{"embeddable":true,"href":"https:\/\/polskie-mieso.pl\/zdrowa-porcja-wiedzy\/wp-json\/wp\/v2\/pages\/50"}],"wp:attachment":[{"href":"https:\/\/polskie-mieso.pl\/zdrowa-porcja-wiedzy\/wp-json\/wp\/v2\/media?parent=111"}],"curies":[{"name":"wp","href":"https:\/\/api.w.org\/{rel}","templated":true}]}}